{"id":843,"date":"2011-09-29T16:23:34","date_gmt":"2011-09-29T15:23:34","guid":{"rendered":"https:\/\/calisiahodowcy.pl\/?page_id=843"},"modified":"2015-04-14T13:26:17","modified_gmt":"2015-04-14T11:26:17","slug":"843-2","status":"publish","type":"page","link":"https:\/\/calisiahodowcy.pl\/?page_id=843","title":{"rendered":""},"content":{"rendered":"<h2><a href=\"https:\/\/calisiahodowcy.pl\/?page_id=161\"><span style=\"color: #0d88f1;\">Galeria &gt;&gt;<\/span><\/a><a href=\"https:\/\/calisiahodowcy.pl\/?page_id=344\"> <span style=\"color: #0d88f1;\"> Hodowle &gt;&gt;<\/a><\/span> Pawe\u0142 Olek<\/h2>\n<p><img loading=\"lazy\" decoding=\"async\" class=\"alignleft size-thumbnail wp-image-546\" src=\"https:\/\/calisiahodowcy.pl\/wp-content\/hodowle\/olek\/galeria-hodowcy_P_Olka.jpg\" alt=\"\" width=\"150\" height=\"150\" \/><br \/>\nOd zawsze lubi\u0142em towarzystwo zwierz\u0105t. Hodowa\u0142em rybki, \u015bwinki morskie. Kilka lat mieszka\u0142 ze mn\u0105 bia\u0142y szczur. Sze\u015b\u0107 lat temu dosta\u0142em od znajomego kilka papu\u017cek falistych, nast\u0119pna by\u0142a nimfa, kt\u00f3ra nie mog\u0142a znale\u017a\u0107 sobie domu na d\u0142u\u017cej poniewa\u017c mia\u0142a problemy z oczami, nie przeszkadza\u0142o mi to i zamieszka\u0142a <br \/>u mnie. Dokupi\u0142em jej przyjaciela i tak si\u0119 zacz\u0119\u0142o. Po sze\u015bciu latach posiadam hodowle sk\u0142adaj\u0105c\u0105 si\u0119 z kilku gatunk\u00f3w papug: faliste, nimfy, rozelle bia\u0142olice, aleksandretty, nieroz\u0142\u0105czki oraz kilka innych kt\u00f3rych zdj\u0119cia mo\u017cna zobaczy\u0107 <br \/>w galerii.<br \/>\nDo\u0142\u0105czy\u0142em do Kaliskiego Stowarzyszenia Hodowc\u00f3w Ptak\u00f3w Egzotycznych KSHPE Calisia, dzi\u0119ki czemu mog\u0119 pog\u0142\u0119bia\u0107 swoj\u0105 wiedz\u0119 na temat tych pi\u0119knych ptak\u00f3w.<br \/>\n<br \/>&nbsp;<\/p>\n<p style=\"text-align: left;\"><img loading=\"lazy\" decoding=\"async\" src=\"https:\/\/calisiahodowcy.pl\/wp-content\/uploads\/2011\/01\/title-bg1-300x1.png\" alt=\"\" width=\"300\" height=\"1\" \/><\/p>\n<h3>galeria zdj\u0119\u0107<\/h3>\n<p><object id=\"o\" classid=\"clsid:d27cdb6e-ae6d-11cf-96b8-444553540000\" width=\"600\" height=\"450\" codebase=\"http:\/\/download.macromedia.com\/pub\/shockwave\/cabs\/flash\/swflash.cab#version=6,0,40,0\"><param name=\"allowFullScreen\" value=\"true\" \/><param name=\"allowScriptAccess\" value=\"always\" \/><param name=\"flashvars\" value=\"feed=http:\/\/www.calisiahodowcy.pl\/wp-content\/hodowle\/olek\/olek.xml&amp;style=white&amp;numRows=4&amp;glowColor=#0d88f1&amp;font=Verdana&amp;cellBorder=6&amp;backgroundImage=http:\/\/www.calisiahodowcy.pl\/wp-content\/hodowle\/olek\/tlo.jpg&amp;showEmbed=false\" \/><param name=\"src\" value=\"http:\/\/www.calisiahodowcy.pl\/wp-content\/galeria\/cooliris.swf\" \/><param name=\"allowfullscreen\" value=\"true\" \/><embed id=\"o\" type=\"application\/x-shockwave-flash\" width=\"600\" height=\"450\" src=\"http:\/\/www.calisiahodowcy.pl\/wp-content\/galeria\/cooliris.swf\" flashvars=\"feed=http:\/\/www.calisiahodowcy.pl\/wp-content\/hodowle\/olek\/olek.xml&amp;style=white&amp;numRows=4&amp;glowColor=#0d88f1&amp;font=Verdana&amp;cellBorder=6&amp;backgroundImage=http:\/\/www.calisiahodowcy.pl\/wp-content\/hodowle\/olek\/tlo.jpg&amp;showEmbed=false\" allowscriptaccess=\"always\" allowfullscreen=\"true\"><\/embed><\/object><\/p>\n<p style=\"text-align: left;\"><img loading=\"lazy\" decoding=\"async\" title=\"title-bg\" src=\"https:\/\/calisiahodowcy.pl\/wp-content\/uploads\/2011\/01\/title-bg1-300x1.png\" alt=\"\" width=\"300\" height=\"1\" \/><\/p>\n","protected":false},"excerpt":{"rendered":"<p>Galeria &gt;&gt; Hodowle &gt;&gt; Pawe\u0142 Olek Od zawsze lubi\u0142em towarzystwo zwierz\u0105t. Hodowa\u0142em rybki, \u015bwinki morskie. Kilka lat mieszka\u0142 ze mn\u0105 bia\u0142y szczur. Sze\u015b\u0107 lat temu dosta\u0142em od znajomego kilka papu\u017cek falistych, nast\u0119pna by\u0142a nimfa, kt\u00f3ra nie mog\u0142a znale\u017a\u0107 sobie domu na d\u0142u\u017cej poniewa\u017c mia\u0142a problemy z oczami, nie przeszkadza\u0142o mi to i zamieszka\u0142a u mnie. &hellip; <\/p>\n<p class=\"link-more\"><a href=\"https:\/\/calisiahodowcy.pl\/?page_id=843\" class=\"more-link\">Czytaj dalej<span class=\"screen-reader-text\"> \u201e\u201d<\/span><\/a><\/p>\n","protected":false},"author":1,"featured_media":0,"parent":0,"menu_order":0,"comment_status":"closed","ping_status":"closed","template":"","meta":{"footnotes":""},"class_list":["post-843","page","type-page","status-publish","hentry"],"aioseo_notices":[],"_links":{"self":[{"href":"https:\/\/calisiahodowcy.pl\/index.php?rest_route=\/wp\/v2\/pages\/843","targetHints":{"allow":["GET"]}}],"collection":[{"href":"https:\/\/calisiahodowcy.pl\/index.php?rest_route=\/wp\/v2\/pages"}],"about":[{"href":"https:\/\/calisiahodowcy.pl\/index.php?rest_route=\/wp\/v2\/types\/page"}],"author":[{"embeddable":true,"href":"https:\/\/calisiahodowcy.pl\/index.php?rest_route=\/wp\/v2\/users\/1"}],"replies":[{"embeddable":true,"href":"https:\/\/calisiahodowcy.pl\/index.php?rest_route=%2Fwp%2Fv2%2Fcomments&post=843"}],"version-history":[{"count":6,"href":"https:\/\/calisiahodowcy.pl\/index.php?rest_route=\/wp\/v2\/pages\/843\/revisions"}],"predecessor-version":[{"id":1590,"href":"https:\/\/calisiahodowcy.pl\/index.php?rest_route=\/wp\/v2\/pages\/843\/revisions\/1590"}],"wp:attachment":[{"href":"https:\/\/calisiahodowcy.pl\/index.php?rest_route=%2Fwp%2Fv2%2Fmedia&parent=843"}],"curies":[{"name":"wp","href":"https:\/\/api.w.org\/{rel}","templated":true}]}}