{"id":344,"date":"2011-04-04T19:28:40","date_gmt":"2011-04-04T18:28:40","guid":{"rendered":"https:\/\/calisiahodowcy.pl\/?page_id=344"},"modified":"2024-03-04T15:47:50","modified_gmt":"2024-03-04T13:47:50","slug":"344-2","status":"publish","type":"page","link":"https:\/\/calisiahodowcy.pl\/?page_id=344","title":{"rendered":""},"content":{"rendered":"\n<h2 class=\"wp-block-heading\"><a href=\"https:\/\/calisiahodowcy.pl\/?page_id=161\"><span style=\"color: #0d88f1;\">Galeria &gt;&gt;<\/span><\/a> Hodowle<\/h2>\n\n\n<div class=\"wp-block-image is-style-default\">\n<figure class=\"alignleft is-resized\"><a href=\"https:\/\/calisiahodowcy.pl\/?page_id=538\"><img decoding=\"async\" src=\"https:\/\/calisiahodowcy.pl\/wp-content\/uploads\/2011\/02\/Hodowla_AW_button.jpg\" alt=\"\" class=\"wp-image-347\" style=\"width:188px;height:188px\" title=\"kliknij aby obejrze\u0107 galeri\u0119\"\/><\/a><figcaption class=\"wp-element-caption\">Hodowla<br>Andrzeja<br>Werbli\u0144skiego<\/figcaption><\/figure>\n<\/div>\n\n<div class=\"wp-block-image is-style-default\">\n<figure class=\"alignleft size-full is-resized\"><a href=\"https:\/\/calisiahodowcy.pl\/?page_id=737\"><img loading=\"lazy\" decoding=\"async\" width=\"250\" height=\"250\" src=\"https:\/\/calisiahodowcy.pl\/wp-content\/uploads\/2023\/04\/Hodowla_RSZ_button.jpg\" alt=\"\" class=\"wp-image-4644\" style=\"width:188px;height:188px\" title=\"kliknij aby obejrze\u0107 galeri\u0119\" srcset=\"https:\/\/calisiahodowcy.pl\/wp-content\/uploads\/2023\/04\/Hodowla_RSZ_button.jpg 250w, https:\/\/calisiahodowcy.pl\/wp-content\/uploads\/2023\/04\/Hodowla_RSZ_button-150x150.jpg 150w, https:\/\/calisiahodowcy.pl\/wp-content\/uploads\/2023\/04\/Hodowla_RSZ_button-100x100.jpg 100w\" sizes=\"auto, (max-width: 250px) 100vw, 250px\" \/><\/a><figcaption class=\"wp-element-caption\">Kontynuacja hodowli<br>Rados\u0142awa<br>Szyma\u0144skiego<\/figcaption><\/figure>\n<\/div>\n\n<div class=\"wp-block-image is-style-default\">\n<figure class=\"alignleft size-full is-resized\"><a href=\"https:\/\/calisiahodowcy.pl\/?page_id=701\"><img loading=\"lazy\" decoding=\"async\" width=\"250\" height=\"250\" src=\"https:\/\/calisiahodowcy.pl\/wp-content\/uploads\/2023\/04\/Hodowla_PO_button.jpg\" alt=\"\" class=\"wp-image-4646\" style=\"width:188px;height:188px\" title=\"kliknij aby obejrze\u0107 galeri\u0119\" srcset=\"https:\/\/calisiahodowcy.pl\/wp-content\/uploads\/2023\/04\/Hodowla_PO_button.jpg 250w, https:\/\/calisiahodowcy.pl\/wp-content\/uploads\/2023\/04\/Hodowla_PO_button-150x150.jpg 150w, https:\/\/calisiahodowcy.pl\/wp-content\/uploads\/2023\/04\/Hodowla_PO_button-100x100.jpg 100w\" sizes=\"auto, (max-width: 250px) 100vw, 250px\" \/><\/a><figcaption class=\"wp-element-caption\">Hodowla<br>Piotra<br>Olszyny<\/figcaption><\/figure>\n<\/div>\n\n<div class=\"wp-block-image is-style-default\">\n<figure class=\"alignleft size-full is-resized\"><a href=\"https:\/\/calisiahodowcy.pl\/?page_id=749\"><img loading=\"lazy\" decoding=\"async\" width=\"250\" height=\"250\" src=\"https:\/\/calisiahodowcy.pl\/wp-content\/uploads\/2023\/04\/Hodowla_ST_button.jpg\" alt=\"\" class=\"wp-image-4647\" style=\"width:188px;height:188px\" title=\"kliknij aby obejrze\u0107 galeri\u0119\" srcset=\"https:\/\/calisiahodowcy.pl\/wp-content\/uploads\/2023\/04\/Hodowla_ST_button.jpg 250w, https:\/\/calisiahodowcy.pl\/wp-content\/uploads\/2023\/04\/Hodowla_ST_button-150x150.jpg 150w, https:\/\/calisiahodowcy.pl\/wp-content\/uploads\/2023\/04\/Hodowla_ST_button-100x100.jpg 100w\" sizes=\"auto, (max-width: 250px) 100vw, 250px\" \/><\/a><figcaption class=\"wp-element-caption\">Hodowla<br>S\u0142awomira<br>Trz\u0119sa\u0142y<\/figcaption><\/figure>\n<\/div>\n\n<div class=\"wp-block-image is-style-default\">\n<figure class=\"alignleft size-full is-resized\"><a href=\"https:\/\/calisiahodowcy.pl\/?page_id=808\"><img loading=\"lazy\" decoding=\"async\" width=\"250\" height=\"250\" src=\"https:\/\/calisiahodowcy.pl\/wp-content\/uploads\/2023\/04\/Hodowla_AK_button.jpg\" alt=\"\" class=\"wp-image-4648\" style=\"width:188px;height:188px\" title=\"kliknij aby obejrze\u0107 galeri\u0119\" srcset=\"https:\/\/calisiahodowcy.pl\/wp-content\/uploads\/2023\/04\/Hodowla_AK_button.jpg 250w, https:\/\/calisiahodowcy.pl\/wp-content\/uploads\/2023\/04\/Hodowla_AK_button-150x150.jpg 150w, https:\/\/calisiahodowcy.pl\/wp-content\/uploads\/2023\/04\/Hodowla_AK_button-100x100.jpg 100w\" sizes=\"auto, (max-width: 250px) 100vw, 250px\" \/><\/a><figcaption class=\"wp-element-caption\">Hodowla<br>Adama<br>Koby\u0142ta<\/figcaption><\/figure>\n<\/div>\n\n<div class=\"wp-block-image is-style-default\">\n<figure class=\"alignleft size-full is-resized\"><a href=\"https:\/\/calisiahodowcy.pl\/?page_id=826\"><img loading=\"lazy\" decoding=\"async\" width=\"250\" height=\"250\" src=\"https:\/\/calisiahodowcy.pl\/wp-content\/uploads\/2023\/04\/Hodowla_LM_button.jpg\" alt=\"\" class=\"wp-image-4649\" style=\"width:188px;height:188px\" title=\"kliknij aby obejrze\u0107 galeri\u0119\" srcset=\"https:\/\/calisiahodowcy.pl\/wp-content\/uploads\/2023\/04\/Hodowla_LM_button.jpg 250w, https:\/\/calisiahodowcy.pl\/wp-content\/uploads\/2023\/04\/Hodowla_LM_button-150x150.jpg 150w, https:\/\/calisiahodowcy.pl\/wp-content\/uploads\/2023\/04\/Hodowla_LM_button-100x100.jpg 100w\" sizes=\"auto, (max-width: 250px) 100vw, 250px\" \/><\/a><figcaption class=\"wp-element-caption\">Hodowla<br>Leonarda<br>Majdy<\/figcaption><\/figure>\n<\/div>\n\n<div class=\"wp-block-image is-style-default\">\n<figure class=\"alignleft size-full is-resized\"><a href=\"https:\/\/calisiahodowcy.pl\/?page_id=850\"><img loading=\"lazy\" decoding=\"async\" width=\"250\" height=\"250\" src=\"https:\/\/calisiahodowcy.pl\/wp-content\/uploads\/2023\/04\/Hodowla_KW_button.jpg\" alt=\"\" class=\"wp-image-4650\" style=\"width:188px;height:188px\" title=\"kliknij aby obejrze\u0107 galeri\u0119\" srcset=\"https:\/\/calisiahodowcy.pl\/wp-content\/uploads\/2023\/04\/Hodowla_KW_button.jpg 250w, https:\/\/calisiahodowcy.pl\/wp-content\/uploads\/2023\/04\/Hodowla_KW_button-150x150.jpg 150w, https:\/\/calisiahodowcy.pl\/wp-content\/uploads\/2023\/04\/Hodowla_KW_button-100x100.jpg 100w\" sizes=\"auto, (max-width: 250px) 100vw, 250px\" \/><\/a><figcaption class=\"wp-element-caption\">Hodowla<br>Krzysztofa<br>Witczaka<\/figcaption><\/figure>\n<\/div>\n\n<div class=\"wp-block-image is-style-default\">\n<figure class=\"alignleft size-full is-resized\"><a href=\"https:\/\/calisiahodowcy.pl\/?page_id=991\"><img loading=\"lazy\" decoding=\"async\" width=\"250\" height=\"250\" src=\"https:\/\/calisiahodowcy.pl\/wp-content\/uploads\/2023\/04\/Hodowla_WS_button.jpg\" alt=\"\" class=\"wp-image-4651\" style=\"width:188px;height:188px\" title=\"kliknij aby obejrze\u0107 galeri\u0119\" srcset=\"https:\/\/calisiahodowcy.pl\/wp-content\/uploads\/2023\/04\/Hodowla_WS_button.jpg 250w, https:\/\/calisiahodowcy.pl\/wp-content\/uploads\/2023\/04\/Hodowla_WS_button-150x150.jpg 150w, https:\/\/calisiahodowcy.pl\/wp-content\/uploads\/2023\/04\/Hodowla_WS_button-100x100.jpg 100w\" sizes=\"auto, (max-width: 250px) 100vw, 250px\" \/><\/a><figcaption class=\"wp-element-caption\">Hodowla<br>W\u0142odzimierza<br>\u015awitalskiego<\/figcaption><\/figure>\n<\/div>\n\n<div class=\"wp-block-image is-style-default\">\n<figure class=\"alignleft size-full is-resized\"><a href=\"https:\/\/calisiahodowcy.pl\/?page_id=997\"><img loading=\"lazy\" decoding=\"async\" width=\"250\" height=\"250\" src=\"https:\/\/calisiahodowcy.pl\/wp-content\/uploads\/2023\/04\/Hodowla_RM_button.jpg\" alt=\"\" class=\"wp-image-4652\" style=\"width:188px;height:188px\" title=\"kliknij aby obejrze\u0107 galeri\u0119\" srcset=\"https:\/\/calisiahodowcy.pl\/wp-content\/uploads\/2023\/04\/Hodowla_RM_button.jpg 250w, https:\/\/calisiahodowcy.pl\/wp-content\/uploads\/2023\/04\/Hodowla_RM_button-150x150.jpg 150w, https:\/\/calisiahodowcy.pl\/wp-content\/uploads\/2023\/04\/Hodowla_RM_button-100x100.jpg 100w\" sizes=\"auto, (max-width: 250px) 100vw, 250px\" \/><\/a><figcaption class=\"wp-element-caption\">Hodowla<br>Rados\u0142awa<br>Musielaka<\/figcaption><\/figure>\n<\/div>\n\n<div class=\"wp-block-image is-style-default\">\n<figure class=\"alignleft size-full is-resized\"><a href=\"https:\/\/calisiahodowcy.pl\/?page_id=985\"><img loading=\"lazy\" decoding=\"async\" width=\"250\" height=\"250\" src=\"https:\/\/calisiahodowcy.pl\/wp-content\/uploads\/2023\/04\/Hodowla_ZM_button.jpg\" alt=\"\" class=\"wp-image-4653\" style=\"width:188px;height:188px\" title=\"kliknij aby obejrze\u0107 galeri\u0119\" srcset=\"https:\/\/calisiahodowcy.pl\/wp-content\/uploads\/2023\/04\/Hodowla_ZM_button.jpg 250w, https:\/\/calisiahodowcy.pl\/wp-content\/uploads\/2023\/04\/Hodowla_ZM_button-150x150.jpg 150w, https:\/\/calisiahodowcy.pl\/wp-content\/uploads\/2023\/04\/Hodowla_ZM_button-100x100.jpg 100w\" sizes=\"auto, (max-width: 250px) 100vw, 250px\" \/><\/a><figcaption class=\"wp-element-caption\">Hodowla<br>Zbigniewa<br>Mazura<\/figcaption><\/figure>\n<\/div>\n\n<div class=\"wp-block-image is-style-default\">\n<figure class=\"alignleft size-full is-resized\"><a href=\"https:\/\/calisiahodowcy.pl\/?page_id=1020\"><img loading=\"lazy\" decoding=\"async\" width=\"250\" height=\"250\" src=\"https:\/\/calisiahodowcy.pl\/wp-content\/uploads\/2023\/04\/Hodowla_MS_button.jpg\" alt=\"\" class=\"wp-image-4654\" style=\"width:188px;height:188px\" title=\"kliknij aby obejrze\u0107 galeri\u0119\" srcset=\"https:\/\/calisiahodowcy.pl\/wp-content\/uploads\/2023\/04\/Hodowla_MS_button.jpg 250w, https:\/\/calisiahodowcy.pl\/wp-content\/uploads\/2023\/04\/Hodowla_MS_button-150x150.jpg 150w, https:\/\/calisiahodowcy.pl\/wp-content\/uploads\/2023\/04\/Hodowla_MS_button-100x100.jpg 100w\" sizes=\"auto, (max-width: 250px) 100vw, 250px\" \/><\/a><figcaption class=\"wp-element-caption\">Hodowla<br>Marka<br>Szymczaka<\/figcaption><\/figure>\n<\/div>\n\n<div class=\"wp-block-image is-style-default\">\n<figure class=\"alignleft size-full is-resized\"><a href=\"https:\/\/calisiahodowcy.pl\/?page_id=1026\"><img loading=\"lazy\" decoding=\"async\" width=\"250\" height=\"250\" src=\"https:\/\/calisiahodowcy.pl\/wp-content\/uploads\/2023\/04\/Hodowla_EZ_button.jpg\" alt=\"\" class=\"wp-image-4655\" style=\"width:188px;height:188px\" title=\"kliknij aby obejrze\u0107 galeri\u0119\" srcset=\"https:\/\/calisiahodowcy.pl\/wp-content\/uploads\/2023\/04\/Hodowla_EZ_button.jpg 250w, https:\/\/calisiahodowcy.pl\/wp-content\/uploads\/2023\/04\/Hodowla_EZ_button-150x150.jpg 150w, https:\/\/calisiahodowcy.pl\/wp-content\/uploads\/2023\/04\/Hodowla_EZ_button-100x100.jpg 100w\" sizes=\"auto, (max-width: 250px) 100vw, 250px\" \/><\/a><figcaption class=\"wp-element-caption\">Hodowla<br>Eryka<br>Z\u0142otego<\/figcaption><\/figure>\n<\/div>\n\n<div class=\"wp-block-image is-style-default\">\n<figure class=\"alignleft size-full is-resized\"><a href=\"https:\/\/calisiahodowcy.pl\/?page_id=1123\"><img loading=\"lazy\" decoding=\"async\" width=\"250\" height=\"250\" src=\"https:\/\/calisiahodowcy.pl\/wp-content\/uploads\/2024\/03\/Hodowla_MB_button_.jpg\" alt=\"\" class=\"wp-image-4760\" style=\"width:188px;height:188px\" title=\"kliknij aby obejrze\u0107 galeri\u0119\" srcset=\"https:\/\/calisiahodowcy.pl\/wp-content\/uploads\/2024\/03\/Hodowla_MB_button_.jpg 250w, https:\/\/calisiahodowcy.pl\/wp-content\/uploads\/2024\/03\/Hodowla_MB_button_-150x150.jpg 150w, https:\/\/calisiahodowcy.pl\/wp-content\/uploads\/2024\/03\/Hodowla_MB_button_-100x100.jpg 100w\" sizes=\"auto, (max-width: 250px) 100vw, 250px\" \/><\/a><figcaption class=\"wp-element-caption\">Hodowla<br>Marka<br>Bara\u0144skiego<\/figcaption><\/figure>\n<\/div>\n\n<div class=\"wp-block-image is-style-default\">\n<figure class=\"alignleft size-full is-resized\"><a href=\"https:\/\/calisiahodowcy.pl\/?page_id=1130\"><img loading=\"lazy\" decoding=\"async\" width=\"250\" height=\"250\" src=\"https:\/\/calisiahodowcy.pl\/wp-content\/uploads\/2023\/04\/Hodowla_WS_button-1.jpg\" alt=\"\" class=\"wp-image-4657\" style=\"width:188px;height:188px\" title=\"kliknij aby obejrze\u0107 galeri\u0119\" srcset=\"https:\/\/calisiahodowcy.pl\/wp-content\/uploads\/2023\/04\/Hodowla_WS_button-1.jpg 250w, https:\/\/calisiahodowcy.pl\/wp-content\/uploads\/2023\/04\/Hodowla_WS_button-1-150x150.jpg 150w, https:\/\/calisiahodowcy.pl\/wp-content\/uploads\/2023\/04\/Hodowla_WS_button-1-100x100.jpg 100w\" sizes=\"auto, (max-width: 250px) 100vw, 250px\" \/><\/a><figcaption class=\"wp-element-caption\">Hodowla<br>Witolda<br>\u015aniocha<\/figcaption><\/figure>\n<\/div>\n\n<div class=\"wp-block-image is-style-default\">\n<figure class=\"alignleft size-full is-resized\"><a href=\"https:\/\/calisiahodowcy.pl\/?page_id=1236\"><img loading=\"lazy\" decoding=\"async\" width=\"250\" height=\"250\" src=\"https:\/\/calisiahodowcy.pl\/wp-content\/uploads\/2023\/04\/Hodowla_MO_button.jpg\" alt=\"\" class=\"wp-image-4658\" style=\"width:188px;height:188px\" title=\"kliknij aby obejrze\u0107 galeri\u0119\" srcset=\"https:\/\/calisiahodowcy.pl\/wp-content\/uploads\/2023\/04\/Hodowla_MO_button.jpg 250w, https:\/\/calisiahodowcy.pl\/wp-content\/uploads\/2023\/04\/Hodowla_MO_button-150x150.jpg 150w, https:\/\/calisiahodowcy.pl\/wp-content\/uploads\/2023\/04\/Hodowla_MO_button-100x100.jpg 100w\" sizes=\"auto, (max-width: 250px) 100vw, 250px\" \/><\/a><figcaption class=\"wp-element-caption\">Hodowla<br>Mariusza<br>Olejnika<\/figcaption><\/figure>\n<\/div>\n\n<div class=\"wp-block-image is-style-default\">\n<figure class=\"alignleft size-full is-resized\"><a href=\"https:\/\/calisiahodowcy.pl\/?page_id=1513\"><img loading=\"lazy\" decoding=\"async\" width=\"250\" height=\"250\" src=\"https:\/\/calisiahodowcy.pl\/wp-content\/uploads\/2023\/04\/galeria_MStaszczak_button.jpg\" alt=\"\" class=\"wp-image-4659\" style=\"width:188px;height:188px\" title=\"kliknij aby obejrze\u0107 galeri\u0119\" srcset=\"https:\/\/calisiahodowcy.pl\/wp-content\/uploads\/2023\/04\/galeria_MStaszczak_button.jpg 250w, https:\/\/calisiahodowcy.pl\/wp-content\/uploads\/2023\/04\/galeria_MStaszczak_button-150x150.jpg 150w, https:\/\/calisiahodowcy.pl\/wp-content\/uploads\/2023\/04\/galeria_MStaszczak_button-100x100.jpg 100w\" sizes=\"auto, (max-width: 250px) 100vw, 250px\" \/><\/a><figcaption class=\"wp-element-caption\">Hodowla<br>Miros\u0142awa<br>Staszczaka<\/figcaption><\/figure>\n<\/div>\n\n<div class=\"wp-block-image is-style-default\">\n<figure class=\"alignleft size-full is-resized\"><a href=\"https:\/\/calisiahodowcy.pl\/?page_id=1617\"><img loading=\"lazy\" decoding=\"async\" width=\"250\" height=\"250\" src=\"https:\/\/calisiahodowcy.pl\/wp-content\/uploads\/2023\/04\/galeria_button_Pawel_Figaj.jpg\" alt=\"\" class=\"wp-image-4660\" style=\"width:188px;height:188px\" title=\"kliknij aby obejrze\u0107 galeri\u0119\" srcset=\"https:\/\/calisiahodowcy.pl\/wp-content\/uploads\/2023\/04\/galeria_button_Pawel_Figaj.jpg 250w, https:\/\/calisiahodowcy.pl\/wp-content\/uploads\/2023\/04\/galeria_button_Pawel_Figaj-150x150.jpg 150w, https:\/\/calisiahodowcy.pl\/wp-content\/uploads\/2023\/04\/galeria_button_Pawel_Figaj-100x100.jpg 100w\" sizes=\"auto, (max-width: 250px) 100vw, 250px\" \/><\/a><figcaption class=\"wp-element-caption\">Hodowla<br>Paw\u0142a<br>Figaja<\/figcaption><\/figure>\n<\/div>\n\n<div class=\"wp-block-image is-style-default\">\n<figure class=\"alignleft size-full is-resized\"><a href=\"https:\/\/calisiahodowcy.pl\/?page_id=1661\"><img loading=\"lazy\" decoding=\"async\" width=\"250\" height=\"250\" src=\"https:\/\/calisiahodowcy.pl\/wp-content\/uploads\/2023\/04\/galeria_AWozniak_button.jpg\" alt=\"\" class=\"wp-image-4661\" style=\"width:188px;height:188px\" title=\"kliknij aby obejrze\u0107 galeri\u0119\" srcset=\"https:\/\/calisiahodowcy.pl\/wp-content\/uploads\/2023\/04\/galeria_AWozniak_button.jpg 250w, https:\/\/calisiahodowcy.pl\/wp-content\/uploads\/2023\/04\/galeria_AWozniak_button-150x150.jpg 150w, https:\/\/calisiahodowcy.pl\/wp-content\/uploads\/2023\/04\/galeria_AWozniak_button-100x100.jpg 100w\" sizes=\"auto, (max-width: 250px) 100vw, 250px\" \/><\/a><figcaption class=\"wp-element-caption\">Hodowla<br>Arkadiusza<br>Wo\u017aniaka<\/figcaption><\/figure>\n<\/div>\n\n<div class=\"wp-block-image is-style-default\">\n<figure class=\"alignleft size-full is-resized\"><a href=\"https:\/\/calisiahodowcy.pl\/?page_id=3154\"><img loading=\"lazy\" decoding=\"async\" width=\"250\" height=\"250\" src=\"https:\/\/calisiahodowcy.pl\/wp-content\/uploads\/2023\/02\/Hodowla_PWawrzyniak_button-1.jpg\" alt=\"\" class=\"wp-image-3156\" style=\"width:188px;height:188px\" title=\"kliknij aby obejrze\u0107 galeri\u0119\" srcset=\"https:\/\/calisiahodowcy.pl\/wp-content\/uploads\/2023\/02\/Hodowla_PWawrzyniak_button-1.jpg 250w, https:\/\/calisiahodowcy.pl\/wp-content\/uploads\/2023\/02\/Hodowla_PWawrzyniak_button-1-150x150.jpg 150w, https:\/\/calisiahodowcy.pl\/wp-content\/uploads\/2023\/02\/Hodowla_PWawrzyniak_button-1-100x100.jpg 100w\" sizes=\"auto, (max-width: 250px) 100vw, 250px\" \/><\/a><figcaption class=\"wp-element-caption\">Hodowla<br>Paw\u0142a<br>Wawrzyniaka<\/figcaption><\/figure>\n<\/div>\n\n\n<h3 class=\"wp-block-heading\"><\/h3>\n\n\n\n<h3 class=\"wp-block-heading\">&nbsp;<\/h3>\n","protected":false},"excerpt":{"rendered":"<p>Galeria &gt;&gt; Hodowle &nbsp;<\/p>\n","protected":false},"author":1,"featured_media":0,"parent":0,"menu_order":0,"comment_status":"closed","ping_status":"closed","template":"","meta":{"footnotes":""},"class_list":["post-344","page","type-page","status-publish","hentry"],"aioseo_notices":[],"_links":{"self":[{"href":"https:\/\/calisiahodowcy.pl\/index.php?rest_route=\/wp\/v2\/pages\/344","targetHints":{"allow":["GET"]}}],"collection":[{"href":"https:\/\/calisiahodowcy.pl\/index.php?rest_route=\/wp\/v2\/pages"}],"about":[{"href":"https:\/\/calisiahodowcy.pl\/index.php?rest_route=\/wp\/v2\/types\/page"}],"author":[{"embeddable":true,"href":"https:\/\/calisiahodowcy.pl\/index.php?rest_route=\/wp\/v2\/users\/1"}],"replies":[{"embeddable":true,"href":"https:\/\/calisiahodowcy.pl\/index.php?rest_route=%2Fwp%2Fv2%2Fcomments&post=344"}],"version-history":[{"count":71,"href":"https:\/\/calisiahodowcy.pl\/index.php?rest_route=\/wp\/v2\/pages\/344\/revisions"}],"predecessor-version":[{"id":4852,"href":"https:\/\/calisiahodowcy.pl\/index.php?rest_route=\/wp\/v2\/pages\/344\/revisions\/4852"}],"wp:attachment":[{"href":"https:\/\/calisiahodowcy.pl\/index.php?rest_route=%2Fwp%2Fv2%2Fmedia&parent=344"}],"curies":[{"name":"wp","href":"https:\/\/api.w.org\/{rel}","templated":true}]}}