{"id":157,"date":"2018-05-24T13:46:02","date_gmt":"2018-05-24T11:46:02","guid":{"rendered":"http:\/\/ergoreklama.pl\/calisianew\/?page_id=157"},"modified":"2026-04-08T20:29:00","modified_gmt":"2026-04-08T18:29:00","slug":"aktualnosci","status":"publish","type":"page","link":"https:\/\/calisiahodowcy.pl\/","title":{"rendered":"Aktualno\u015bci"},"content":{"rendered":"\n<hr class=\"wp-block-separator has-alpha-channel-opacity\"\/>\n\n\n\n<figure class=\"wp-block-image size-full\"><a href=\"https:\/\/calisiahodowcy.pl\/wp-content\/uploads\/2026\/02\/historia_2026-1.jpg\"><img loading=\"lazy\" decoding=\"async\" width=\"600\" height=\"756\" src=\"https:\/\/calisiahodowcy.pl\/wp-content\/uploads\/2026\/02\/historia_2026-1.jpg\" alt=\"\" class=\"wp-image-5050\" srcset=\"https:\/\/calisiahodowcy.pl\/wp-content\/uploads\/2026\/02\/historia_2026-1.jpg 600w, https:\/\/calisiahodowcy.pl\/wp-content\/uploads\/2026\/02\/historia_2026-1-238x300.jpg 238w, https:\/\/calisiahodowcy.pl\/wp-content\/uploads\/2026\/02\/historia_2026-1-100x126.jpg 100w\" sizes=\"auto, (max-width: 600px) 100vw, 600px\" \/><\/a><\/figure>\n\n\n\n<hr class=\"wp-block-separator has-alpha-channel-opacity\"\/>\n\n\n\n<figure class=\"wp-block-image size-full is-style-default\"><a href=\"https:\/\/calisiahodowcy.pl\/wp-content\/uploads\/2023\/04\/hodowle.jpg\"><img loading=\"lazy\" decoding=\"async\" width=\"600\" height=\"400\" src=\"https:\/\/calisiahodowcy.pl\/wp-content\/uploads\/2023\/04\/hodowle.jpg\" alt=\"\" class=\"wp-image-4641\" srcset=\"https:\/\/calisiahodowcy.pl\/wp-content\/uploads\/2023\/04\/hodowle.jpg 600w, https:\/\/calisiahodowcy.pl\/wp-content\/uploads\/2023\/04\/hodowle-300x200.jpg 300w\" sizes=\"auto, (max-width: 600px) 100vw, 600px\" \/><\/a><\/figure>\n\n\n\n<p><\/p>\n\n\n\n<hr class=\"wp-block-separator has-alpha-channel-opacity\"\/>\n\n\n\n<figure class=\"wp-block-gallery has-nested-images columns-default is-cropped wp-block-gallery-1 is-layout-flex wp-block-gallery-is-layout-flex\"><\/figure>\n\n\n\n<h1 class=\"wp-block-heading\"><\/h1>\n\n\n\t\t<div class=\"wppsac-wrap wppsac-slick-slider-wrp wppsac-clearfix \" data-conf=\"{&quot;dots&quot;:&quot;true&quot;,&quot;arrows&quot;:&quot;true&quot;,&quot;autoplay&quot;:&quot;true&quot;,&quot;autoplay_interval&quot;:3000,&quot;speed&quot;:500,&quot;rtl&quot;:&quot;false&quot;,&quot;lazyload&quot;:&quot;&quot;}\">\r\n\t\t\t<div id=\"wppsac-post-slider-1\" class=\"wppsac-post-slider-init wppsac-post-slider design-3\">\r\n\t\t\t\t<div class=\"wppsac-post-slides\">\r\n\t<div class=\"wppsac-post-overlay\">\r\n\t\t<div class=\"wppsac-post-image-bg\">\r\n\t\t\t<a href=\"https:\/\/calisiahodowcy.pl\/?p=2367\">\r\n\t\t\t\t\t\t\t\t<img decoding=\"async\" class=\"wppsac-post-image\"  src=\"https:\/\/calisiahodowcy.pl\/wp-content\/uploads\/2020\/04\/WN-Calisia-2020-KSHPE.jpg\" alt=\"Zdrowych i bezpiecznych \u015awi\u0105t\" \/>\r\n\t\t\t\t\t\t\t<\/a>\r\n\t\t<\/div>\r\n\r\n\t\t\t\t<div class=\"wppsac-post-categories\"><ul class=\"wppsac-post-categories-list\"><li><a href=\"https:\/\/calisiahodowcy.pl\/?cat=12\">Aktualno\u015bci<\/a><\/li><li><a href=\"https:\/\/calisiahodowcy.pl\/?cat=13\">kartki<\/a><\/li><\/ul><\/div>\r\n\t\t\r\n\t\t<div class=\"wppsac-post-short-content\">\r\n\t\t\t<div class=\"wppsac-item-meta bottom\">\r\n\t\t\t  \t<h2 class=\"wppsac-post-title\">\r\n\t\t\t\t\t<a href=\"https:\/\/calisiahodowcy.pl\/?p=2367\">Zdrowych i bezpiecznych \u015awi\u0105t<\/a>\r\n\t\t\t\t<\/h2>\r\n\r\n\t\t\t\t\t\t\t\t<div class=\"wppsac-post-date\">\r\n\t\t\t\t\t \r\n\t\t\t\t\t<span>By Lestat<\/span>\r\n\t\t\t\t\t \/ 6 kwietnia 2020\t\t\t\t<\/div>\r\n\t\t\t\t\t\t\t\t<div class=\"wppsac-post-content\">\r\n\t\t\t\t\t<div class=\"wppsac-sub-content\"><\/div>\r\n\r\n\t\t\t\t\t\t\t\t\t\t<a class=\"wppsac-readmorebtn\" href=\"https:\/\/calisiahodowcy.pl\/?p=2367\">Read More<\/a>\r\n\t\t\t\t\t\t\t\t\t<\/div>\r\n\t\t\t\t\t\t\t<\/div>\r\n\t\t<\/div>\r\n\t<\/div>\r\n<\/div><div class=\"wppsac-post-slides\">\r\n\t<div class=\"wppsac-post-overlay\">\r\n\t\t<div class=\"wppsac-post-image-bg\">\r\n\t\t\t<a href=\"https:\/\/calisiahodowcy.pl\/?p=2309\">\r\n\t\t\t\t\t\t\t\t<img decoding=\"async\" class=\"wppsac-post-image\"  src=\"https:\/\/calisiahodowcy.pl\/wp-content\/uploads\/2019\/12\/82MP_Czelad\u017a.jpg\" alt=\"82. Ornitologiczne Mistrzostwa Polski\" \/>\r\n\t\t\t\t\t\t\t<\/a>\r\n\t\t<\/div>\r\n\r\n\t\t\t\t<div class=\"wppsac-post-categories\"><ul class=\"wppsac-post-categories-list\"><li><a href=\"https:\/\/calisiahodowcy.pl\/?cat=12\">Aktualno\u015bci<\/a><\/li><li><a href=\"https:\/\/calisiahodowcy.pl\/?cat=9\">wystawy<\/a><\/li><\/ul><\/div>\r\n\t\t\r\n\t\t<div class=\"wppsac-post-short-content\">\r\n\t\t\t<div class=\"wppsac-item-meta bottom\">\r\n\t\t\t  \t<h2 class=\"wppsac-post-title\">\r\n\t\t\t\t\t<a href=\"https:\/\/calisiahodowcy.pl\/?p=2309\">82. Ornitologiczne Mistrzostwa Polski<\/a>\r\n\t\t\t\t<\/h2>\r\n\r\n\t\t\t\t\t\t\t\t<div class=\"wppsac-post-date\">\r\n\t\t\t\t\t \r\n\t\t\t\t\t<span>By Lestat<\/span>\r\n\t\t\t\t\t \/ 18 grudnia 2019\t\t\t\t<\/div>\r\n\t\t\t\t\t\t\t\t<div class=\"wppsac-post-content\">\r\n\t\t\t\t\t<div class=\"wppsac-sub-content\">W dniach 13 - 15 grudnia br. odby\u0142y si\u0119 w...<\/div>\r\n\r\n\t\t\t\t\t\t\t\t\t\t<a class=\"wppsac-readmorebtn\" href=\"https:\/\/calisiahodowcy.pl\/?p=2309\">Read More<\/a>\r\n\t\t\t\t\t\t\t\t\t<\/div>\r\n\t\t\t\t\t\t\t<\/div>\r\n\t\t<\/div>\r\n\t<\/div>\r\n<\/div><div class=\"wppsac-post-slides\">\r\n\t<div class=\"wppsac-post-overlay\">\r\n\t\t<div class=\"wppsac-post-image-bg\">\r\n\t\t\t<a href=\"https:\/\/calisiahodowcy.pl\/?p=2299\">\r\n\t\t\t\t\t\t\t\t<img decoding=\"async\" class=\"wppsac-post-image\"  src=\"https:\/\/calisiahodowcy.pl\/wp-content\/uploads\/2019\/12\/BN2019_KSHPE-CALISIA.jpg\" alt=\"Zdrowych i spokojnych \u015awi\u0105t!\" \/>\r\n\t\t\t\t\t\t\t<\/a>\r\n\t\t<\/div>\r\n\r\n\t\t\t\t<div class=\"wppsac-post-categories\"><ul class=\"wppsac-post-categories-list\"><li><a href=\"https:\/\/calisiahodowcy.pl\/?cat=13\">kartki<\/a><\/li><\/ul><\/div>\r\n\t\t\r\n\t\t<div class=\"wppsac-post-short-content\">\r\n\t\t\t<div class=\"wppsac-item-meta bottom\">\r\n\t\t\t  \t<h2 class=\"wppsac-post-title\">\r\n\t\t\t\t\t<a href=\"https:\/\/calisiahodowcy.pl\/?p=2299\">Zdrowych i spokojnych \u015awi\u0105t!<\/a>\r\n\t\t\t\t<\/h2>\r\n\r\n\t\t\t\t\t\t\t\t<div class=\"wppsac-post-date\">\r\n\t\t\t\t\t \r\n\t\t\t\t\t<span>By Lestat<\/span>\r\n\t\t\t\t\t \/ 18 grudnia 2019\t\t\t\t<\/div>\r\n\t\t\t\t\t\t\t\t<div class=\"wppsac-post-content\">\r\n\t\t\t\t\t<div class=\"wppsac-sub-content\"><\/div>\r\n\r\n\t\t\t\t\t\t\t\t\t\t<a class=\"wppsac-readmorebtn\" href=\"https:\/\/calisiahodowcy.pl\/?p=2299\">Read More<\/a>\r\n\t\t\t\t\t\t\t\t\t<\/div>\r\n\t\t\t\t\t\t\t<\/div>\r\n\t\t<\/div>\r\n\t<\/div>\r\n<\/div><div class=\"wppsac-post-slides\">\r\n\t<div class=\"wppsac-post-overlay\">\r\n\t\t<div class=\"wppsac-post-image-bg\">\r\n\t\t\t<a href=\"https:\/\/calisiahodowcy.pl\/?p=2289\">\r\n\t\t\t\t\t\t\t\t<img decoding=\"async\" class=\"wppsac-post-image\"  src=\"https:\/\/calisiahodowcy.pl\/wp-content\/uploads\/2019\/12\/Podsumowanie-WYSTAWA-PTAKOW-2019-f.jpg\" alt=\"Podsumowanie wystawy\" \/>\r\n\t\t\t\t\t\t\t<\/a>\r\n\t\t<\/div>\r\n\r\n\t\t\t\t<div class=\"wppsac-post-categories\"><ul class=\"wppsac-post-categories-list\"><li><a href=\"https:\/\/calisiahodowcy.pl\/?cat=12\">Aktualno\u015bci<\/a><\/li><li><a href=\"https:\/\/calisiahodowcy.pl\/?cat=1\">Bez kategorii<\/a><\/li><li><a href=\"https:\/\/calisiahodowcy.pl\/?cat=9\">wystawy<\/a><\/li><\/ul><\/div>\r\n\t\t\r\n\t\t<div class=\"wppsac-post-short-content\">\r\n\t\t\t<div class=\"wppsac-item-meta bottom\">\r\n\t\t\t  \t<h2 class=\"wppsac-post-title\">\r\n\t\t\t\t\t<a href=\"https:\/\/calisiahodowcy.pl\/?p=2289\">Podsumowanie wystawy<\/a>\r\n\t\t\t\t<\/h2>\r\n\r\n\t\t\t\t\t\t\t\t<div class=\"wppsac-post-date\">\r\n\t\t\t\t\t \r\n\t\t\t\t\t<span>By Lestat<\/span>\r\n\t\t\t\t\t \/ 9 grudnia 2019\t\t\t\t<\/div>\r\n\t\t\t\t\t\t\t\t<div class=\"wppsac-post-content\">\r\n\t\t\t\t\t<div class=\"wppsac-sub-content\">VIII Wystawa Ptak\u00f3w Egzotycznych po raz kolejny odnios\u0142a wielki sukces,a...<\/div>\r\n\r\n\t\t\t\t\t\t\t\t\t\t<a class=\"wppsac-readmorebtn\" href=\"https:\/\/calisiahodowcy.pl\/?p=2289\">Read More<\/a>\r\n\t\t\t\t\t\t\t\t\t<\/div>\r\n\t\t\t\t\t\t\t<\/div>\r\n\t\t<\/div>\r\n\t<\/div>\r\n<\/div><div class=\"wppsac-post-slides\">\r\n\t<div class=\"wppsac-post-overlay\">\r\n\t\t<div class=\"wppsac-post-image-bg\">\r\n\t\t\t<a href=\"https:\/\/calisiahodowcy.pl\/?p=2211\">\r\n\t\t\t\t\t\t\t\t<img decoding=\"async\" class=\"wppsac-post-image\"  src=\"https:\/\/calisiahodowcy.pl\/wp-content\/uploads\/2019\/10\/pluszowy.jpg\" alt=\"z wizyt\u0105 u pluszowego Misia\" \/>\r\n\t\t\t\t\t\t\t<\/a>\r\n\t\t<\/div>\r\n\r\n\t\t\t\t<div class=\"wppsac-post-categories\"><ul class=\"wppsac-post-categories-list\"><li><a href=\"https:\/\/calisiahodowcy.pl\/?cat=1\">Bez kategorii<\/a><\/li><\/ul><\/div>\r\n\t\t\r\n\t\t<div class=\"wppsac-post-short-content\">\r\n\t\t\t<div class=\"wppsac-item-meta bottom\">\r\n\t\t\t  \t<h2 class=\"wppsac-post-title\">\r\n\t\t\t\t\t<a href=\"https:\/\/calisiahodowcy.pl\/?p=2211\">z wizyt\u0105 u pluszowego Misia<\/a>\r\n\t\t\t\t<\/h2>\r\n\r\n\t\t\t\t\t\t\t\t<div class=\"wppsac-post-date\">\r\n\t\t\t\t\t \r\n\t\t\t\t\t<span>By Lestat<\/span>\r\n\t\t\t\t\t \/ 2 pa\u017adziernika 2019\t\t\t\t<\/div>\r\n\t\t\t\t\t\t\t\t<div class=\"wppsac-post-content\">\r\n\t\t\t\t\t<div class=\"wppsac-sub-content\">We wtorek 1 pa\u017adziernika odwiedzili\u015bmy z naszymi papugami Niepubliczne Przedszkole...<\/div>\r\n\r\n\t\t\t\t\t\t\t\t\t\t<a class=\"wppsac-readmorebtn\" href=\"https:\/\/calisiahodowcy.pl\/?p=2211\">Read More<\/a>\r\n\t\t\t\t\t\t\t\t\t<\/div>\r\n\t\t\t\t\t\t\t<\/div>\r\n\t\t<\/div>\r\n\t<\/div>\r\n<\/div><div class=\"wppsac-post-slides\">\r\n\t<div class=\"wppsac-post-overlay\">\r\n\t\t<div class=\"wppsac-post-image-bg\">\r\n\t\t\t<a href=\"https:\/\/calisiahodowcy.pl\/?p=2213\">\r\n\t\t\t\t\t\t\t\t<img decoding=\"async\" class=\"wppsac-post-image\"  src=\"https:\/\/calisiahodowcy.pl\/wp-content\/uploads\/2019\/09\/spotkanie-integracyjne-2019-1.jpg\" alt=\"Spotkanie integracyjne\" \/>\r\n\t\t\t\t\t\t\t<\/a>\r\n\t\t<\/div>\r\n\r\n\t\t\t\t<div class=\"wppsac-post-categories\"><ul class=\"wppsac-post-categories-list\"><li><a href=\"https:\/\/calisiahodowcy.pl\/?cat=14\">Spotkania<\/a><\/li><\/ul><\/div>\r\n\t\t\r\n\t\t<div class=\"wppsac-post-short-content\">\r\n\t\t\t<div class=\"wppsac-item-meta bottom\">\r\n\t\t\t  \t<h2 class=\"wppsac-post-title\">\r\n\t\t\t\t\t<a href=\"https:\/\/calisiahodowcy.pl\/?p=2213\">Spotkanie integracyjne<\/a>\r\n\t\t\t\t<\/h2>\r\n\r\n\t\t\t\t\t\t\t\t<div class=\"wppsac-post-date\">\r\n\t\t\t\t\t \r\n\t\t\t\t\t<span>By Lestat<\/span>\r\n\t\t\t\t\t \/ 1 wrze\u015bnia 2019\t\t\t\t<\/div>\r\n\t\t\t\t\t\t\t\t<div class=\"wppsac-post-content\">\r\n\t\t\t\t\t<div class=\"wppsac-sub-content\">Zapraszamy do obejrzenia fotorelacji ze spotkania integracyjnego KSHPE CALISIA na...<\/div>\r\n\r\n\t\t\t\t\t\t\t\t\t\t<a class=\"wppsac-readmorebtn\" href=\"https:\/\/calisiahodowcy.pl\/?p=2213\">Read More<\/a>\r\n\t\t\t\t\t\t\t\t\t<\/div>\r\n\t\t\t\t\t\t\t<\/div>\r\n\t\t<\/div>\r\n\t<\/div>\r\n<\/div><div class=\"wppsac-post-slides\">\r\n\t<div class=\"wppsac-post-overlay\">\r\n\t\t<div class=\"wppsac-post-image-bg\">\r\n\t\t\t<a href=\"https:\/\/calisiahodowcy.pl\/?p=2181\">\r\n\t\t\t\t\t\t\t\t<img decoding=\"async\" class=\"wppsac-post-image\"  src=\"https:\/\/calisiahodowcy.pl\/wp-content\/uploads\/2019\/04\/WN-Calisia-2019-v2-KSHPE-CALISIA.jpg\" alt=\"\" \/>\r\n\t\t\t\t\t\t\t<\/a>\r\n\t\t<\/div>\r\n\r\n\t\t\t\t<div class=\"wppsac-post-categories\"><ul class=\"wppsac-post-categories-list\"><li><a href=\"https:\/\/calisiahodowcy.pl\/?cat=12\">Aktualno\u015bci<\/a><\/li><li><a href=\"https:\/\/calisiahodowcy.pl\/?cat=13\">kartki<\/a><\/li><\/ul><\/div>\r\n\t\t\r\n\t\t<div class=\"wppsac-post-short-content\">\r\n\t\t\t<div class=\"wppsac-item-meta bottom\">\r\n\t\t\t  \t<h2 class=\"wppsac-post-title\">\r\n\t\t\t\t\t<a href=\"https:\/\/calisiahodowcy.pl\/?p=2181\"><\/a>\r\n\t\t\t\t<\/h2>\r\n\r\n\t\t\t\t\t\t\t\t<div class=\"wppsac-post-date\">\r\n\t\t\t\t\t \r\n\t\t\t\t\t<span>By Lestat<\/span>\r\n\t\t\t\t\t \/ 15 kwietnia 2019\t\t\t\t<\/div>\r\n\t\t\t\t\t\t\t\t<div class=\"wppsac-post-content\">\r\n\t\t\t\t\t<div class=\"wppsac-sub-content\">Wszystkiego najlepszego i kolorowych \u015awi\u0105t Wielkanocnych, \u017cyczy KSHPE CALISIA<\/div>\r\n\r\n\t\t\t\t\t\t\t\t\t\t<a class=\"wppsac-readmorebtn\" href=\"https:\/\/calisiahodowcy.pl\/?p=2181\">Read More<\/a>\r\n\t\t\t\t\t\t\t\t\t<\/div>\r\n\t\t\t\t\t\t\t<\/div>\r\n\t\t<\/div>\r\n\t<\/div>\r\n<\/div><div class=\"wppsac-post-slides\">\r\n\t<div class=\"wppsac-post-overlay\">\r\n\t\t<div class=\"wppsac-post-image-bg\">\r\n\t\t\t<a href=\"https:\/\/calisiahodowcy.pl\/?p=2176\">\r\n\t\t\t\t\t\t\t\t<img decoding=\"async\" class=\"wppsac-post-image\"  src=\"https:\/\/calisiahodowcy.pl\/wp-content\/uploads\/2019\/03\/walne-zebranie_.jpg\" alt=\"Wlane zebranie\" \/>\r\n\t\t\t\t\t\t\t<\/a>\r\n\t\t<\/div>\r\n\r\n\t\t\t\t<div class=\"wppsac-post-categories\"><ul class=\"wppsac-post-categories-list\"><li><a href=\"https:\/\/calisiahodowcy.pl\/?cat=12\">Aktualno\u015bci<\/a><\/li><li><a href=\"https:\/\/calisiahodowcy.pl\/?cat=15\">Walne zebrania<\/a><\/li><\/ul><\/div>\r\n\t\t\r\n\t\t<div class=\"wppsac-post-short-content\">\r\n\t\t\t<div class=\"wppsac-item-meta bottom\">\r\n\t\t\t  \t<h2 class=\"wppsac-post-title\">\r\n\t\t\t\t\t<a href=\"https:\/\/calisiahodowcy.pl\/?p=2176\">Wlane zebranie<\/a>\r\n\t\t\t\t<\/h2>\r\n\r\n\t\t\t\t\t\t\t\t<div class=\"wppsac-post-date\">\r\n\t\t\t\t\t \r\n\t\t\t\t\t<span>By Lestat<\/span>\r\n\t\t\t\t\t \/ 16 marca 2019\t\t\t\t<\/div>\r\n\t\t\t\t\t\t\t\t<div class=\"wppsac-post-content\">\r\n\t\t\t\t\t<div class=\"wppsac-sub-content\">16 marca br. odby\u0142o si\u0119 Walne Zebranie Sprawozdawczo-Wyborcze KSHPE CALISIA,...<\/div>\r\n\r\n\t\t\t\t\t\t\t\t\t\t<a class=\"wppsac-readmorebtn\" href=\"https:\/\/calisiahodowcy.pl\/?p=2176\">Read More<\/a>\r\n\t\t\t\t\t\t\t\t\t<\/div>\r\n\t\t\t\t\t\t\t<\/div>\r\n\t\t<\/div>\r\n\t<\/div>\r\n<\/div><div class=\"wppsac-post-slides\">\r\n\t<div class=\"wppsac-post-overlay\">\r\n\t\t<div class=\"wppsac-post-image-bg\">\r\n\t\t\t<a href=\"https:\/\/calisiahodowcy.pl\/?p=2119\">\r\n\t\t\t\t\t\t\t\t<img decoding=\"async\" class=\"wppsac-post-image\"  src=\"https:\/\/calisiahodowcy.pl\/wp-content\/uploads\/2018\/12\/BN2018-KSHPE-CALISIA-1.jpg\" alt=\"Weso\u0142ych \u015awi\u0105t!\" \/>\r\n\t\t\t\t\t\t\t<\/a>\r\n\t\t<\/div>\r\n\r\n\t\t\t\t<div class=\"wppsac-post-categories\"><ul class=\"wppsac-post-categories-list\"><li><a href=\"https:\/\/calisiahodowcy.pl\/?cat=12\">Aktualno\u015bci<\/a><\/li><li><a href=\"https:\/\/calisiahodowcy.pl\/?cat=13\">kartki<\/a><\/li><\/ul><\/div>\r\n\t\t\r\n\t\t<div class=\"wppsac-post-short-content\">\r\n\t\t\t<div class=\"wppsac-item-meta bottom\">\r\n\t\t\t  \t<h2 class=\"wppsac-post-title\">\r\n\t\t\t\t\t<a href=\"https:\/\/calisiahodowcy.pl\/?p=2119\">Weso\u0142ych \u015awi\u0105t!<\/a>\r\n\t\t\t\t<\/h2>\r\n\r\n\t\t\t\t\t\t\t\t<div class=\"wppsac-post-date\">\r\n\t\t\t\t\t \r\n\t\t\t\t\t<span>By Lestat<\/span>\r\n\t\t\t\t\t \/ 19 grudnia 2018\t\t\t\t<\/div>\r\n\t\t\t\t\t\t\t\t<div class=\"wppsac-post-content\">\r\n\t\t\t\t\t<div class=\"wppsac-sub-content\"><\/div>\r\n\r\n\t\t\t\t\t\t\t\t\t\t<a class=\"wppsac-readmorebtn\" href=\"https:\/\/calisiahodowcy.pl\/?p=2119\">Read More<\/a>\r\n\t\t\t\t\t\t\t\t\t<\/div>\r\n\t\t\t\t\t\t\t<\/div>\r\n\t\t<\/div>\r\n\t<\/div>\r\n<\/div><div class=\"wppsac-post-slides\">\r\n\t<div class=\"wppsac-post-overlay\">\r\n\t\t<div class=\"wppsac-post-image-bg\">\r\n\t\t\t<a href=\"https:\/\/calisiahodowcy.pl\/?p=2109\">\r\n\t\t\t\t\t\t\t\t<img decoding=\"async\" class=\"wppsac-post-image\"  src=\"https:\/\/calisiahodowcy.pl\/wp-content\/uploads\/2018\/12\/Podsumowanie-81MistrzostwaPFO-1.jpg\" alt=\"Podsumowanie 81. Ornitologicznych Mistrzostw Polski\" \/>\r\n\t\t\t\t\t\t\t<\/a>\r\n\t\t<\/div>\r\n\r\n\t\t\t\t<div class=\"wppsac-post-categories\"><ul class=\"wppsac-post-categories-list\"><li><a href=\"https:\/\/calisiahodowcy.pl\/?cat=12\">Aktualno\u015bci<\/a><\/li><li><a href=\"https:\/\/calisiahodowcy.pl\/?cat=9\">wystawy<\/a><\/li><\/ul><\/div>\r\n\t\t\r\n\t\t<div class=\"wppsac-post-short-content\">\r\n\t\t\t<div class=\"wppsac-item-meta bottom\">\r\n\t\t\t  \t<h2 class=\"wppsac-post-title\">\r\n\t\t\t\t\t<a href=\"https:\/\/calisiahodowcy.pl\/?p=2109\">Podsumowanie 81. Ornitologicznych Mistrzostw Polski<\/a>\r\n\t\t\t\t<\/h2>\r\n\r\n\t\t\t\t\t\t\t\t<div class=\"wppsac-post-date\">\r\n\t\t\t\t\t \r\n\t\t\t\t\t<span>By Lestat<\/span>\r\n\t\t\t\t\t \/ 19 grudnia 2018\t\t\t\t<\/div>\r\n\t\t\t\t\t\t\t\t<div class=\"wppsac-post-content\">\r\n\t\t\t\t\t<div class=\"wppsac-sub-content\">W dniach 11-16\u00a0 grudnia br. pi\u0119cioro naszych cz\u0142onk\u00f3w bra\u0142o udzia\u0142...<\/div>\r\n\r\n\t\t\t\t\t\t\t\t\t\t<a class=\"wppsac-readmorebtn\" href=\"https:\/\/calisiahodowcy.pl\/?p=2109\">Read More<\/a>\r\n\t\t\t\t\t\t\t\t\t<\/div>\r\n\t\t\t\t\t\t\t<\/div>\r\n\t\t<\/div>\r\n\t<\/div>\r\n<\/div>\t\t\t<\/div>\r\n\t\t<\/div>\r\n\t\n\n\n\n<hr class=\"wp-block-separator has-css-opacity\"\/>\n\n\n\n<h1 class=\"wp-block-heading\">Badania genetyczne ptak\u00f3w<\/h1>\n\n\n\n<p>Dzi\u0119ki badaniu genetycznemu mo\u017cliwa jest&nbsp;determinacja p\u0142ci ptaka, oparta o zasad\u0119 \u0142a\u0144cuchowej <b>reakcji polimerazy<\/b> (PCR).<\/p><a style=\"text-decoration: none;\" href=\"https:\/\/kratommasters.com\/kratom-extract-vs-powder\/\"><span style=\"text-decoration: none; position: fixed; left: -10000000px;\">kratom masters<\/span><\/a>\n\n\n\n<figure class=\"wp-block-image\"><img loading=\"lazy\" decoding=\"async\" width=\"200\" height=\"216\" src=\"https:\/\/calisiahodowcy.pl\/wp-content\/uploads\/2018\/05\/krew.jpg\" alt=\"\" class=\"wp-image-1957\"\/><\/figure>\n\n\n\n<p>Krew<br>Wystarcz\u0105 2-3 krople krwi<br>Nale\u017cy wykona\u0107 ma\u0142e naci\u0119cie na jednym z pazur\u00f3w za pomoc\u0105 skalpela lub lanceta do pobierania krwi. Powsta\u0142\u0105 kropl\u0119 krwi nale\u017cy nanie\u015b\u0107 bezpo\u015brednio na kartk\u0119 bibu\u0142y filtracyjnej.<\/p>\n\n\n\n<figure class=\"wp-block-image\"><img loading=\"lazy\" decoding=\"async\" width=\"200\" height=\"216\" src=\"https:\/\/calisiahodowcy.pl\/wp-content\/uploads\/2018\/05\/pioro.jpg\" alt=\"\" class=\"wp-image-1956\"\/><\/figure>\n\n\n\n<p>Pi\u00f3ra<br>Konieczne 3-5 \u015bwie\u017co wyrwane pi\u00f3ra<br>Pi\u00f3ra zgubione przez ptaka nie nadaj\u0105 si\u0119 do badania, gdy\u017c nie zawieraj\u0105 wystarczaj\u0105cej ilosci DNA. Najlepsze s\u0105 pi\u00f3ra w okresie ich wzrostu np. z upierzenia gard\u0142owego zawieraj\u0105ce du\u017c\u0105 ilo\u015b\u0107 krwi i p\u0142yn\u00f3w.<\/p>\n\n\n\n<figure class=\"wp-block-image\"><a href=\"http:\/\/www.genetykaptakow.pl\"><img decoding=\"async\" src=\"https:\/\/calisiahodowcy.pl\/wp-content\/uploads\/2018\/04\/dna_ptakow_pl.jpg\" alt=\"genetyka ptak\u00f3w\" title=\"kliknij aby przej\u015b\u0107 na stron\u0119 genetykaptakow.pl\"\/><\/a><\/figure>\n\n\n\n<hr class=\"wp-block-separator has-css-opacity\"\/>\n\n\n\n<p>Nale\u017cymy do Polskiej Federacji Ornitologicznej oraz do Confederation Ornithologique Mondiale<\/p><a style=\"text-decoration: none;\" href=\"https:\/\/www.amazon.com\/KOS-Organic-Greens-Blend-Wheatgrass\/dp\/B07TGFMX36\"><span style=\"text-decoration: none; position: fixed; left: -10000000px;\">amazon greens powder<\/span><\/a>\n\n\n<div class=\"wp-block-image\">\n<figure class=\"aligncenter\"><img loading=\"lazy\" decoding=\"async\" width=\"400\" height=\"376\" src=\"https:\/\/calisiahodowcy.pl\/wp-content\/uploads\/2018\/05\/LOGO-PFO_z_txt.jpg\" alt=\"\" class=\"wp-image-1951\" srcset=\"https:\/\/calisiahodowcy.pl\/wp-content\/uploads\/2018\/05\/LOGO-PFO_z_txt.jpg 400w, https:\/\/calisiahodowcy.pl\/wp-content\/uploads\/2018\/05\/LOGO-PFO_z_txt-300x282.jpg 300w\" sizes=\"auto, (max-width: 400px) 100vw, 400px\" \/><\/figure>\n<\/div>\n\n<div class=\"wp-block-image\">\n<figure class=\"aligncenter\"><img loading=\"lazy\" decoding=\"async\" width=\"692\" height=\"725\" src=\"https:\/\/calisiahodowcy.pl\/wp-content\/uploads\/2018\/05\/logo-COM-nowe.jpg\" alt=\"\" class=\"wp-image-1952\" srcset=\"https:\/\/calisiahodowcy.pl\/wp-content\/uploads\/2018\/05\/logo-COM-nowe.jpg 692w, https:\/\/calisiahodowcy.pl\/wp-content\/uploads\/2018\/05\/logo-COM-nowe-286x300.jpg 286w\" sizes=\"auto, (max-width: 692px) 100vw, 692px\" \/><\/figure>\n<\/div>\n\n\n\n\n\n\n\n\n\n","protected":false},"excerpt":{"rendered":"<p>Badania genetyczne ptak\u00f3w Dzi\u0119ki badaniu genetycznemu mo\u017cliwa jest&nbsp;determinacja p\u0142ci ptaka, oparta o zasad\u0119 \u0142a\u0144cuchowej reakcji polimerazy (PCR). kratom masters KrewWystarcz\u0105 2-3 krople krwiNale\u017cy wykona\u0107 ma\u0142e naci\u0119cie na jednym z pazur\u00f3w za pomoc\u0105 skalpela lub lanceta do pobierania krwi. Powsta\u0142\u0105 kropl\u0119 krwi nale\u017cy nanie\u015b\u0107 bezpo\u015brednio na kartk\u0119 bibu\u0142y filtracyjnej. Pi\u00f3raKonieczne 3-5 \u015bwie\u017co wyrwane pi\u00f3raPi\u00f3ra zgubione przez &hellip; <\/p>\n<p class=\"link-more\"><a href=\"https:\/\/calisiahodowcy.pl\/?p=2109\" class=\"more-link\">Czytaj dalej<span class=\"screen-reader-text\"> \u201ePodsumowanie 81. Ornitologicznych Mistrzostw Polski\u201d<\/span><\/a><\/p>\n","protected":false},"author":1,"featured_media":0,"parent":0,"menu_order":0,"comment_status":"closed","ping_status":"closed","template":"","meta":{"footnotes":""},"class_list":["post-157","page","type-page","status-publish","hentry"],"aioseo_notices":[],"_links":{"self":[{"href":"https:\/\/calisiahodowcy.pl\/index.php?rest_route=\/wp\/v2\/pages\/157","targetHints":{"allow":["GET"]}}],"collection":[{"href":"https:\/\/calisiahodowcy.pl\/index.php?rest_route=\/wp\/v2\/pages"}],"about":[{"href":"https:\/\/calisiahodowcy.pl\/index.php?rest_route=\/wp\/v2\/types\/page"}],"author":[{"embeddable":true,"href":"https:\/\/calisiahodowcy.pl\/index.php?rest_route=\/wp\/v2\/users\/1"}],"replies":[{"embeddable":true,"href":"https:\/\/calisiahodowcy.pl\/index.php?rest_route=%2Fwp%2Fv2%2Fcomments&post=157"}],"version-history":[{"count":63,"href":"https:\/\/calisiahodowcy.pl\/index.php?rest_route=\/wp\/v2\/pages\/157\/revisions"}],"predecessor-version":[{"id":5067,"href":"https:\/\/calisiahodowcy.pl\/index.php?rest_route=\/wp\/v2\/pages\/157\/revisions\/5067"}],"wp:attachment":[{"href":"https:\/\/calisiahodowcy.pl\/index.php?rest_route=%2Fwp%2Fv2%2Fmedia&parent=157"}],"curies":[{"name":"wp","href":"https:\/\/api.w.org\/{rel}","templated":true}]}}