{"id":1130,"date":"2012-09-20T15:46:13","date_gmt":"2012-09-20T13:46:13","guid":{"rendered":"https:\/\/calisiahodowcy.pl\/?page_id=1130"},"modified":"2023-03-23T11:44:09","modified_gmt":"2023-03-23T09:44:09","slug":"1130-2","status":"publish","type":"page","link":"https:\/\/calisiahodowcy.pl\/?page_id=1130","title":{"rendered":""},"content":{"rendered":"<h2><a href=\"https:\/\/calisiahodowcy.pl\/?page_id=161\"><span style=\"color: #0d88f1;\">Galeria &gt;&gt;<\/span><\/a><a href=\"https:\/\/calisiahodowcy.pl\/?page_id=344\"> <span style=\"color: #0d88f1;\"> Hodowle &gt;&gt;<\/span><\/a> Witold \u015anioch<\/h2>\n<p><img loading=\"lazy\" decoding=\"async\" class=\"alignleft wp-image-4628 size-full\" src=\"https:\/\/calisiahodowcy.pl\/wp-content\/uploads\/2023\/03\/galeria-hodowcy_W_Sniocha.jpg\" alt=\"\" width=\"300\" height=\"300\" srcset=\"https:\/\/calisiahodowcy.pl\/wp-content\/uploads\/2023\/03\/galeria-hodowcy_W_Sniocha.jpg 300w, https:\/\/calisiahodowcy.pl\/wp-content\/uploads\/2023\/03\/galeria-hodowcy_W_Sniocha-150x150.jpg 150w, https:\/\/calisiahodowcy.pl\/wp-content\/uploads\/2023\/03\/galeria-hodowcy_W_Sniocha-100x100.jpg 100w\" sizes=\"auto, (max-width: 300px) 100vw, 300px\" \/><\/p>\n<p>\u00a0<\/p>\n<p>\u00a0<\/p>\n<p>\u00a0<\/p>\n<p>\u00a0<\/p>\n<p>\u00a0<\/p>\n<p>\u00a0<\/p>\n<p>\u00a0<\/p>\n<p>Wi\u0119cej zdj\u0119\u0107 z hodowli Witolda \u015aniocha mo\u017cna zbobaczy\u0107 na stronie prywatnej hodowcy <a href=\"http:\/\/www.witold-hodowla.mtx.pl\/Foto_galeria\/galeria.php\" target=\"blank\" rel=\"noopener\">www.witold-hodowla.mtx.pl<\/a><\/p>\n<p style=\"text-align: left;\"><img loading=\"lazy\" decoding=\"async\" title=\"\" src=\"https:\/\/calisiahodowcy.pl\/wp-content\/uploads\/2011\/01\/title-bg1-300x1.png\" alt=\"\" width=\"300\" height=\"1\" \/><\/p>\n<h3>Galeria zdj\u0119\u0107<\/h3>\n\n<style type=\"text\/css\" scoped>.rbs_gallery_69f5c23c13e16Spinner{\r\n\t\t\t\tmargin: 50px auto;\r\n\t\t\t\twidth: 50px;\r\n\t\t\t\theight: 40px;\r\n\t\t\t\ttext-align: center;\r\n\t\t\t\tfont-size: 10px;\r\n\t\t\t}\r\n\t\t\t.rbs_gallery_69f5c23c13e16Spinner > div{\r\n\t\t\t  background-color: #333;\r\n\t\t\t  height: 100%;\r\n\t\t\t  width: 6px;\r\n\t\t\t  display: inline-block;\r\n\t\t\t  -webkit-animation: rbs_gallery_69f5c23c13e16-stretchdelay 1.2s infinite ease-in-out;\r\n\t\t\t  animation: rbs_gallery_69f5c23c13e16-stretchdelay 1.2s infinite ease-in-out;\r\n\t\t\t}\r\n\t\t\t.rbs_gallery_69f5c23c13e16Spinner .rbs_gallery_69f5c23c13e16Rect2 {\r\n\t\t\t  -webkit-animation-delay: -1.1s;\r\n\t\t\t  animation-delay: -1.1s;\r\n\t\t\t}\r\n\t\t\t.rbs_gallery_69f5c23c13e16Spinner .rbs_gallery_69f5c23c13e16Rect3 {\r\n\t\t\t  -webkit-animation-delay: -1.0s;\r\n\t\t\t  animation-delay: -1.0s;\r\n\t\t\t}\r\n\t\t\t.rbs_gallery_69f5c23c13e16Spinner .rbs_gallery_69f5c23c13e16Rect4 {\r\n\t\t\t  -webkit-animation-delay: -0.9s;\r\n\t\t\t  animation-delay: -0.9s;\r\n\t\t\t}\r\n\t\t\t.rbs_gallery_69f5c23c13e16Spinner .rbs_gallery_69f5c23c13e16Rect5 {\r\n\t\t\t  -webkit-animation-delay: -0.8s;\r\n\t\t\t  animation-delay: -0.8s;\r\n\t\t\t}\r\n\t\t\t@-webkit-keyframes rbs_gallery_69f5c23c13e16-stretchdelay {\r\n\t\t\t  0%, 40%, 100% { -webkit-transform: scaleY(0.4) }  \r\n\t\t\t  20% { -webkit-transform: scaleY(1.0) }\r\n\t\t\t}\r\n\t\t\t@keyframes rbs_gallery_69f5c23c13e16-stretchdelay {\r\n\t\t\t  0%, 40%, 100% { \r\n\t\t\t    transform: scaleY(0.4);\r\n\t\t\t    -webkit-transform: scaleY(0.4);\r\n\t\t\t  }  20% { \r\n\t\t\t    transform: scaleY(1.0);\r\n\t\t\t    -webkit-transform: scaleY(1.0);\r\n\t\t\t  }\r\n\t\t\t}\r\n\t\t<\/style><div class=\"robo-gallery-wrap robo-gallery-wrap-id3497 robo-gallery-mosaic\" ><div id=\"rbs_gallery_69f5c23c13e16-block-loader\" class=\"rbs_gallery_69f5c23c13e16Spinner\"><div class=\"rbs_gallery_69f5c23c13e16Rect1\"><\/div> <div class=\"rbs_gallery_69f5c23c13e16Rect2\"><\/div> <div class=\"rbs_gallery_69f5c23c13e16Rect3\"><\/div> <div class=\"rbs_gallery_69f5c23c13e16Rect4\"><\/div> <div class=\"rbs_gallery_69f5c23c13e16Rect5\"><\/div><\/div><div id=\"robo_gallery_main_block_rbs_gallery_69f5c23c13e16\" class=\"robogallery-gallery-3497\" style=\"width:100%;  display: none;\"><div id=\"rbs_gallery_69f5c23c13e16\" data-options=\"rbs_gallery_69f5c23c13e16\" style=\"width:100%;\" class=\"robo_gallery  \"><div class=\"rbs-img  category3497 \"  data-columns=\"4\" ><div class=\"rbs-img-image   rbs-lightbox \" ><div class=\"rbs-img-thumbs\"  data-thumbnail=\"https:\/\/calisiahodowcy.pl\/wp-content\/uploads\/2023\/03\/001-8.jpg\"  title=\"001\"  data-width=\"525\"  data-height=\"394\" ><\/div><div class=\"rbs-img-data-popup\"  data-popup=\"https:\/\/calisiahodowcy.pl\/wp-content\/uploads\/2023\/03\/001-8.jpg\"  title=\"001\" ><\/div><div class=\"thumbnail-overlay\"><div class=\"rbsIcons\"><i class=\"fa fa-image rbsZoomIcon \" ><\/i><\/div><\/div><\/div><\/div><div class=\"rbs-img  category3497 \" ><div class=\"rbs-img-image   rbs-lightbox \" ><div class=\"rbs-img-thumbs\"  data-thumbnail=\"https:\/\/calisiahodowcy.pl\/wp-content\/uploads\/2023\/03\/002-8.jpg\"  title=\"002\"  data-width=\"525\"  data-height=\"394\" ><\/div><div class=\"rbs-img-data-popup\"  data-popup=\"https:\/\/calisiahodowcy.pl\/wp-content\/uploads\/2023\/03\/002-8.jpg\"  title=\"002\" ><\/div><div class=\"thumbnail-overlay\"><div class=\"rbsIcons\"><i class=\"fa fa-image rbsZoomIcon \" ><\/i><\/div><\/div><\/div><\/div><div class=\"rbs-img  category3497 \" ><div class=\"rbs-img-image   rbs-lightbox \" ><div class=\"rbs-img-thumbs\"  data-thumbnail=\"https:\/\/calisiahodowcy.pl\/wp-content\/uploads\/2023\/03\/003-8.jpg\"  title=\"003\"  data-width=\"525\"  data-height=\"394\" ><\/div><div class=\"rbs-img-data-popup\"  data-popup=\"https:\/\/calisiahodowcy.pl\/wp-content\/uploads\/2023\/03\/003-8.jpg\"  title=\"003\" ><\/div><div class=\"thumbnail-overlay\"><div class=\"rbsIcons\"><i class=\"fa fa-image rbsZoomIcon \" ><\/i><\/div><\/div><\/div><\/div><div class=\"rbs-img  category3497 \" ><div class=\"rbs-img-image   rbs-lightbox \" ><div class=\"rbs-img-thumbs\"  data-thumbnail=\"https:\/\/calisiahodowcy.pl\/wp-content\/uploads\/2023\/03\/004-8.jpg\"  title=\"004\"  data-width=\"525\"  data-height=\"394\" ><\/div><div class=\"rbs-img-data-popup\"  data-popup=\"https:\/\/calisiahodowcy.pl\/wp-content\/uploads\/2023\/03\/004-8.jpg\"  title=\"004\" ><\/div><div class=\"thumbnail-overlay\"><div class=\"rbsIcons\"><i class=\"fa fa-image rbsZoomIcon \" ><\/i><\/div><\/div><\/div><\/div><div class=\"rbs-img  category3497 \"  data-columns=\"3\" ><div class=\"rbs-img-image   rbs-lightbox \" ><div class=\"rbs-img-thumbs\"  data-thumbnail=\"https:\/\/calisiahodowcy.pl\/wp-content\/uploads\/2023\/03\/005-8.jpg\"  title=\"005\"  data-width=\"525\"  data-height=\"394\" ><\/div><div class=\"rbs-img-data-popup\"  data-popup=\"https:\/\/calisiahodowcy.pl\/wp-content\/uploads\/2023\/03\/005-8.jpg\"  title=\"005\" ><\/div><div class=\"thumbnail-overlay\"><div class=\"rbsIcons\"><i class=\"fa fa-image rbsZoomIcon \" ><\/i><\/div><\/div><\/div><\/div><div class=\"rbs-img  category3497 \" ><div class=\"rbs-img-image   rbs-lightbox \" ><div class=\"rbs-img-thumbs\"  data-thumbnail=\"https:\/\/calisiahodowcy.pl\/wp-content\/uploads\/2023\/03\/006-8.jpg\"  title=\"006\"  data-width=\"525\"  data-height=\"394\" ><\/div><div class=\"rbs-img-data-popup\"  data-popup=\"https:\/\/calisiahodowcy.pl\/wp-content\/uploads\/2023\/03\/006-8.jpg\"  title=\"006\" ><\/div><div class=\"thumbnail-overlay\"><div class=\"rbsIcons\"><i class=\"fa fa-image rbsZoomIcon \" ><\/i><\/div><\/div><\/div><\/div><div class=\"rbs-img  category3497 \" ><div class=\"rbs-img-image   rbs-lightbox \" ><div class=\"rbs-img-thumbs\"  data-thumbnail=\"https:\/\/calisiahodowcy.pl\/wp-content\/uploads\/2023\/03\/007-8.jpg\"  title=\"007\"  data-width=\"525\"  data-height=\"394\" ><\/div><div class=\"rbs-img-data-popup\"  data-popup=\"https:\/\/calisiahodowcy.pl\/wp-content\/uploads\/2023\/03\/007-8.jpg\"  title=\"007\" ><\/div><div class=\"thumbnail-overlay\"><div class=\"rbsIcons\"><i class=\"fa fa-image rbsZoomIcon \" ><\/i><\/div><\/div><\/div><\/div><div class=\"rbs-img  category3497 \" ><div class=\"rbs-img-image   rbs-lightbox \" ><div class=\"rbs-img-thumbs\"  data-thumbnail=\"https:\/\/calisiahodowcy.pl\/wp-content\/uploads\/2023\/03\/008-8.jpg\"  title=\"008\"  data-width=\"525\"  data-height=\"394\" ><\/div><div class=\"rbs-img-data-popup\"  data-popup=\"https:\/\/calisiahodowcy.pl\/wp-content\/uploads\/2023\/03\/008-8.jpg\"  title=\"008\" ><\/div><div class=\"thumbnail-overlay\"><div class=\"rbsIcons\"><i class=\"fa fa-image rbsZoomIcon \" ><\/i><\/div><\/div><\/div><\/div><div class=\"rbs-img  category3497 \" ><div class=\"rbs-img-image   rbs-lightbox \" ><div class=\"rbs-img-thumbs\"  data-thumbnail=\"https:\/\/calisiahodowcy.pl\/wp-content\/uploads\/2023\/03\/009-8.jpg\"  title=\"009\"  data-width=\"525\"  data-height=\"394\" ><\/div><div class=\"rbs-img-data-popup\"  data-popup=\"https:\/\/calisiahodowcy.pl\/wp-content\/uploads\/2023\/03\/009-8.jpg\"  title=\"009\" ><\/div><div class=\"thumbnail-overlay\"><div class=\"rbsIcons\"><i class=\"fa fa-image rbsZoomIcon \" ><\/i><\/div><\/div><\/div><\/div><div class=\"rbs-img  category3497 \"  data-columns=\"2\" ><div class=\"rbs-img-image   rbs-lightbox \" ><div class=\"rbs-img-thumbs\"  data-thumbnail=\"https:\/\/calisiahodowcy.pl\/wp-content\/uploads\/2023\/03\/010-8.jpg\"  title=\"010\"  data-width=\"525\"  data-height=\"394\" ><\/div><div class=\"rbs-img-data-popup\"  data-popup=\"https:\/\/calisiahodowcy.pl\/wp-content\/uploads\/2023\/03\/010-8.jpg\"  title=\"010\" ><\/div><div class=\"thumbnail-overlay\"><div class=\"rbsIcons\"><i class=\"fa fa-image rbsZoomIcon \" ><\/i><\/div><\/div><\/div><\/div><div class=\"rbs-img  category3497 \" ><div class=\"rbs-img-image   rbs-lightbox \" ><div class=\"rbs-img-thumbs\"  data-thumbnail=\"https:\/\/calisiahodowcy.pl\/wp-content\/uploads\/2023\/03\/011-8.jpg\"  title=\"011\"  data-width=\"525\"  data-height=\"394\" ><\/div><div class=\"rbs-img-data-popup\"  data-popup=\"https:\/\/calisiahodowcy.pl\/wp-content\/uploads\/2023\/03\/011-8.jpg\"  title=\"011\" ><\/div><div class=\"thumbnail-overlay\"><div class=\"rbsIcons\"><i class=\"fa fa-image rbsZoomIcon \" ><\/i><\/div><\/div><\/div><\/div><div class=\"rbs-img  category3497 \" ><div class=\"rbs-img-image   rbs-lightbox \" ><div class=\"rbs-img-thumbs\"  data-thumbnail=\"https:\/\/calisiahodowcy.pl\/wp-content\/uploads\/2023\/03\/012-8.jpg\"  title=\"012\"  data-width=\"525\"  data-height=\"394\" ><\/div><div class=\"rbs-img-data-popup\"  data-popup=\"https:\/\/calisiahodowcy.pl\/wp-content\/uploads\/2023\/03\/012-8.jpg\"  title=\"012\" ><\/div><div class=\"thumbnail-overlay\"><div class=\"rbsIcons\"><i class=\"fa fa-image rbsZoomIcon \" ><\/i><\/div><\/div><\/div><\/div><div class=\"rbs-img  category3497 \"  data-columns=\"4\" ><div class=\"rbs-img-image   rbs-lightbox \" ><div class=\"rbs-img-thumbs\"  data-thumbnail=\"https:\/\/calisiahodowcy.pl\/wp-content\/uploads\/2023\/03\/013-8.jpg\"  title=\"013\"  data-width=\"525\"  data-height=\"394\" ><\/div><div class=\"rbs-img-data-popup\"  data-popup=\"https:\/\/calisiahodowcy.pl\/wp-content\/uploads\/2023\/03\/013-8.jpg\"  title=\"013\" ><\/div><div class=\"thumbnail-overlay\"><div class=\"rbsIcons\"><i class=\"fa fa-image rbsZoomIcon \" ><\/i><\/div><\/div><\/div><\/div><div class=\"rbs-img  category3497 \" ><div class=\"rbs-img-image   rbs-lightbox \" ><div class=\"rbs-img-thumbs\"  data-thumbnail=\"https:\/\/calisiahodowcy.pl\/wp-content\/uploads\/2023\/03\/014-8.jpg\"  title=\"014\"  data-width=\"525\"  data-height=\"394\" ><\/div><div class=\"rbs-img-data-popup\"  data-popup=\"https:\/\/calisiahodowcy.pl\/wp-content\/uploads\/2023\/03\/014-8.jpg\"  title=\"014\" ><\/div><div class=\"thumbnail-overlay\"><div class=\"rbsIcons\"><i class=\"fa fa-image rbsZoomIcon \" ><\/i><\/div><\/div><\/div><\/div><div class=\"rbs-img  category3497 \" ><div class=\"rbs-img-image   rbs-lightbox \" ><div class=\"rbs-img-thumbs\"  data-thumbnail=\"https:\/\/calisiahodowcy.pl\/wp-content\/uploads\/2023\/03\/015-8.jpg\"  title=\"015\"  data-width=\"525\"  data-height=\"394\" ><\/div><div class=\"rbs-img-data-popup\"  data-popup=\"https:\/\/calisiahodowcy.pl\/wp-content\/uploads\/2023\/03\/015-8.jpg\"  title=\"015\" ><\/div><div class=\"thumbnail-overlay\"><div class=\"rbsIcons\"><i class=\"fa fa-image rbsZoomIcon \" ><\/i><\/div><\/div><\/div><\/div><\/div><\/div><\/div><script>var rbs_gallery_69f5c23c13e16 = {\"version\":\"5.1.4\",\"id\":3497,\"class\":\"id3497\",\"roboGalleryDelay\":1000,\"mainContainer\":\"#robo_gallery_main_block_rbs_gallery_69f5c23c13e16\",\"loadingContainer\":\"#rbs_gallery_69f5c23c13e16-block-loader\",\"loadingContainerObj\":\"rbs_gallery_69f5c23c13e16-block-loader\",\"columnWidth\":\"auto\",\"columns\":8,\"resolutions\":[{\"columnWidth\":\"auto\",\"columns\":3,\"maxWidth\":960},{\"columnWidth\":\"auto\",\"columns\":2,\"maxWidth\":650},{\"columnWidth\":\"auto\",\"columns\":1,\"maxWidth\":450}],\"lightboxOptions\":{\"gallery\":{\"enabled\":true,\"tCounter\":\"%curr% of %total%\"}},\"borderSize\":5,\"overlayEffect\":\"direction-aware-fade\",\"boxesToLoadStart\":20,\"boxesToLoad\":8,\"waitUntilThumbLoads\":1,\"LoadingWord\":\"Loading...\",\"loadMoreWord\":\"Load More\",\"noMoreEntriesWord\":\"No More Entries\",\"horizontalSpaceBetweenBoxes\":15,\"verticalSpaceBetweenBoxes\":15,\"lazyLoad\":1,\"wrapContainer\":\"#robo-gallery-wrap-rbs_gallery_69f5c23c13e16\"};<\/script>","protected":false},"excerpt":{"rendered":"<p>Galeria &gt;&gt; Hodowle &gt;&gt; Witold \u015anioch \u00a0 \u00a0 \u00a0 \u00a0 \u00a0 \u00a0 \u00a0 Wi\u0119cej zdj\u0119\u0107 z hodowli Witolda \u015aniocha mo\u017cna zbobaczy\u0107 na stronie prywatnej hodowcy www.witold-hodowla.mtx.pl Galeria zdj\u0119\u0107<\/p>\n","protected":false},"author":1,"featured_media":0,"parent":0,"menu_order":0,"comment_status":"closed","ping_status":"closed","template":"","meta":{"footnotes":""},"class_list":["post-1130","page","type-page","status-publish","hentry"],"aioseo_notices":[],"_links":{"self":[{"href":"https:\/\/calisiahodowcy.pl\/index.php?rest_route=\/wp\/v2\/pages\/1130","targetHints":{"allow":["GET"]}}],"collection":[{"href":"https:\/\/calisiahodowcy.pl\/index.php?rest_route=\/wp\/v2\/pages"}],"about":[{"href":"https:\/\/calisiahodowcy.pl\/index.php?rest_route=\/wp\/v2\/types\/page"}],"author":[{"embeddable":true,"href":"https:\/\/calisiahodowcy.pl\/index.php?rest_route=\/wp\/v2\/users\/1"}],"replies":[{"embeddable":true,"href":"https:\/\/calisiahodowcy.pl\/index.php?rest_route=%2Fwp%2Fv2%2Fcomments&post=1130"}],"version-history":[{"count":7,"href":"https:\/\/calisiahodowcy.pl\/index.php?rest_route=\/wp\/v2\/pages\/1130\/revisions"}],"predecessor-version":[{"id":4629,"href":"https:\/\/calisiahodowcy.pl\/index.php?rest_route=\/wp\/v2\/pages\/1130\/revisions\/4629"}],"wp:attachment":[{"href":"https:\/\/calisiahodowcy.pl\/index.php?rest_route=%2Fwp%2Fv2%2Fmedia&parent=1130"}],"curies":[{"name":"wp","href":"https:\/\/api.w.org\/{rel}","templated":true}]}}